{"id":19,"date":"2025-06-05T14:06:18","date_gmt":"2025-06-05T12:06:18","guid":{"rendered":"https:\/\/frissoncreme.be\/?page_id=19"},"modified":"2026-02-03T09:38:15","modified_gmt":"2026-02-03T08:38:15","slug":"contact","status":"publish","type":"page","link":"https:\/\/frissoncreme.be\/eng\/contact\/","title":{"rendered":"Contact"},"content":{"rendered":"\t\t<div data-elementor-type=\"wp-page\" data-elementor-id=\"19\" class=\"elementor elementor-19\" data-elementor-post-type=\"page\">\n\t\t\t\t<div class=\"elementor-element elementor-element-48f597f e-flex e-con-boxed e-con e-parent\" data-id=\"48f597f\" data-element_type=\"container\" data-e-type=\"container\" data-settings=\"{&quot;background_background&quot;:&quot;classic&quot;}\">\n\t\t\t\t\t<div class=\"e-con-inner\">\n\t\t<div class=\"elementor-element elementor-element-b77a18c e-con-full e-flex e-con e-child\" data-id=\"b77a18c\" data-element_type=\"container\" data-e-type=\"container\">\n\t\t<div class=\"elementor-element elementor-element-7fad5b6 e-con-full e-flex e-con e-child\" data-id=\"7fad5b6\" data-element_type=\"container\" data-e-type=\"container\">\n\t\t\t\t<div class=\"elementor-element elementor-element-5d0c8d4 elementor-widget elementor-widget-heading\" data-id=\"5d0c8d4\" data-element_type=\"widget\" data-e-type=\"widget\" data-widget_type=\"heading.default\">\n\t\t\t\t<div class=\"elementor-widget-container\">\n\t\t\t\t\t<h2 class=\"elementor-heading-title elementor-size-default\">Iets te vieren? <\/h2>\t\t\t\t<\/div>\n\t\t\t\t<\/div>\n\t\t\t\t<div class=\"elementor-element elementor-element-23786e4 elementor-widget elementor-widget-text-editor\" data-id=\"23786e4\" data-element_type=\"widget\" data-e-type=\"widget\" data-widget_type=\"text-editor.default\">\n\t\t\t\t<div class=\"elementor-widget-container\">\n\t\t\t\t\t\t\t\t\t<div class=\"text-base my-auto mx-auto pb-10 [--thread-content-margin:--spacing(4)] @w-sm\/main:[--thread-content-margin:--spacing(6)] @w-lg\/main:[--thread-content-margin:--spacing(16)] px-(--thread-content-margin)\"><div class=\"[--thread-content-max-width:40rem] @w-lg\/main:[--thread-content-max-width:48rem] mx-auto max-w-(--thread-content-max-width) flex-1 group\/turn-messages focus-visible:outline-hidden relative flex w-full min-w-0 flex-col agent-turn\" tabindex=\"-1\"><div class=\"flex max-w-full flex-col grow\"><div class=\"min-h-8 text-message relative flex w-full flex-col items-end gap-2 text-start break-words whitespace-normal [.text-message+&amp;]:mt-1\" dir=\"auto\" data-message-author-role=\"assistant\" data-message-id=\"6cff74c4-3d32-4dbd-9b08-f770ab3022c9\" data-message-model-slug=\"gpt-5-2\"><div class=\"flex w-full flex-col gap-1 empty:hidden first:pt-[1px]\"><div class=\"markdown prose dark:prose-invert w-full break-words light markdown-new-styling\"><p data-start=\"0\" data-end=\"173\">Een familiefeest, tuinfeest of babyborrel, een huwelijk, dorpsfeest of festival gepland?<\/p><p data-start=\"0\" data-end=\"173\">Met de <strong data-start=\"99\" data-end=\"124\">mini Frisson-cr\u00e8mebar<\/strong> maak je van je dessert een echte Frissonmoment.<\/p><p data-start=\"175\" data-end=\"370\">Onze mobiele mini cr\u00e8mebar brengt huisgemaakte Frisson-cr\u00e8me naar je feest. Gasten kiezen hun smaken en genieten van ambachtelijke verwennerij met bediening door ons team of als vrije dessertbar.<\/p><p data-start=\"372\" data-end=\"507\">We verzorgen daarnaast ook <strong data-start=\"399\" data-end=\"433\">desserten voor het feestmoment<\/strong>: van individuele desserts tot ijstaarten en andere huisgemaakte creaties.<\/p><p data-start=\"509\" data-end=\"561\">Een eyecatcher \u00e9n een smaakmoment dat blijft hangen.<\/p><p data-start=\"563\" data-end=\"622\" data-is-last-node=\"\" data-is-only-node=\"\">Contacteer ons vrijblijvend voor mogelijkheden en maatwerk.<\/p><\/div><\/div><\/div><\/div><\/div><\/div>\t\t\t\t\t\t\t\t<\/div>\n\t\t\t\t<\/div>\n\t\t\t\t<\/div>\n\t\t<div class=\"elementor-element elementor-element-acbe4a8 e-con-full e-flex e-con e-child\" data-id=\"acbe4a8\" data-element_type=\"container\" data-e-type=\"container\">\n\t\t\t\t<div class=\"elementor-element elementor-element-39cf8a9 elementor-button-align-start elementor-widget elementor-widget-form\" data-id=\"39cf8a9\" data-element_type=\"widget\" data-e-type=\"widget\" data-settings=\"{&quot;button_width&quot;:&quot;25&quot;,&quot;step_next_label&quot;:&quot;Next&quot;,&quot;step_previous_label&quot;:&quot;Previous&quot;,&quot;dce_confirm_dialog_enabled&quot;:&quot;no&quot;,&quot;step_type&quot;:&quot;number_text&quot;,&quot;step_icon_shape&quot;:&quot;circle&quot;,&quot;label_icon_size&quot;:{&quot;unit&quot;:&quot;px&quot;,&quot;size&quot;:&quot;&quot;,&quot;sizes&quot;:[]},&quot;field_icon_size&quot;:{&quot;unit&quot;:&quot;px&quot;,&quot;size&quot;:&quot;&quot;,&quot;sizes&quot;:[]}}\" data-widget_type=\"form.default\">\n\t\t\t\t<div class=\"elementor-widget-container\">\n\t\t\t\t\t\t\t<form class=\"elementor-form\" method=\"post\" name=\"Contact form\" aria-label=\"Contact form\">\n\t\t\t<input type=\"hidden\" name=\"post_id\" value=\"19\"\/>\n\t\t\t<input type=\"hidden\" name=\"form_id\" value=\"39cf8a9\"\/>\n\t\t\t<input type=\"hidden\" name=\"referer_title\" value=\"Frisson Cr\u00e8me - Contact voor desserts op maat en feesten\" \/>\n\n\t\t\t\t\t\t\t<input type=\"hidden\" name=\"queried_id\" value=\"19\"\/>\n\t\t\t\n\t\t\t<div class=\"elementor-form-fields-wrapper elementor-labels-\">\n\t\t\t\t\t\t\t\t<div class=\"elementor-field-type-text elementor-field-group elementor-column elementor-field-group-naam elementor-col-50\">\n\t\t\t\t\t\t\t\t\t\t\t\t<label for=\"form-field-naam\" class=\"elementor-field-label elementor-screen-only\">\n\t\t\t\t\t\t\t\tNaam\t\t\t\t\t\t\t<\/label>\n\t\t\t\t\t\t\t\t\t\t\t\t\t\t<input size=\"1\" type=\"text\" name=\"form_fields[naam]\" id=\"form-field-naam\" class=\"elementor-field elementor-size-sm  elementor-field-textual\" placeholder=\"Naam\">\n\t\t\t\t\t\t\t\t\t\t\t<\/div>\n\t\t\t\t\t\t\t\t<div class=\"elementor-field-type-email elementor-field-group elementor-column elementor-field-group-email elementor-col-50 elementor-field-required\">\n\t\t\t\t\t\t\t\t\t\t\t\t<label for=\"form-field-email\" class=\"elementor-field-label elementor-screen-only\">\n\t\t\t\t\t\t\t\tE-mail\t\t\t\t\t\t\t<\/label>\n\t\t\t\t\t\t\t\t\t\t\t\t\t\t<input size=\"1\" type=\"email\" name=\"form_fields[email]\" id=\"form-field-email\" class=\"elementor-field elementor-size-sm  elementor-field-textual\" placeholder=\"E-mail\" required=\"required\">\n\t\t\t\t\t\t\t\t\t\t\t<\/div>\n\t\t\t\t\t\t\t\t<div class=\"elementor-field-type-text elementor-field-group elementor-column elementor-field-group-adres elementor-col-50\">\n\t\t\t\t\t\t\t\t\t\t\t\t<label for=\"form-field-adres\" class=\"elementor-field-label elementor-screen-only\">\n\t\t\t\t\t\t\t\tAdres\t\t\t\t\t\t\t<\/label>\n\t\t\t\t\t\t\t\t\t\t\t\t\t\t<input size=\"1\" type=\"text\" name=\"form_fields[adres]\" id=\"form-field-adres\" class=\"elementor-field elementor-size-sm  elementor-field-textual\" placeholder=\"Adres\">\n\t\t\t\t\t\t\t\t\t\t\t<\/div>\n\t\t\t\t\t\t\t\t<div class=\"elementor-field-type-tel elementor-field-group elementor-column elementor-field-group-telefoon elementor-col-50\">\n\t\t\t\t\t\t\t\t\t\t\t\t<label for=\"form-field-telefoon\" class=\"elementor-field-label elementor-screen-only\">\n\t\t\t\t\t\t\t\tTelefoon\t\t\t\t\t\t\t<\/label>\n\t\t\t\t\t\t\t\t<input size=\"1\" type=\"tel\" name=\"form_fields[telefoon]\" id=\"form-field-telefoon\" class=\"elementor-field elementor-size-sm  elementor-field-textual\" placeholder=\"Telefoon\" pattern=\"[0-9()#&amp;+*-=.]+\" title=\"Seuls les caract\u00e8res de num\u00e9ros de t\u00e9l\u00e9phone (#, -, *, etc.) sont accept\u00e9s.\">\n\n\t\t\t\t\t\t<\/div>\n\t\t\t\t\t\t\t\t<div class=\"elementor-field-type-text elementor-field-group elementor-column elementor-field-group-datum elementor-col-100 elementor-md-100 elementor-sm-100 elementor-field-required\">\n\t\t\t\t\t\t\t\t\t\t\t\t<label for=\"form-field-datum\" class=\"elementor-field-label elementor-screen-only\">\n\t\t\t\t\t\t\t\tDatum\t\t\t\t\t\t\t<\/label>\n\t\t\t\t\t\t\t\t\t\t\t\t\t\t<input size=\"1\" type=\"text\" name=\"form_fields[datum]\" id=\"form-field-datum\" class=\"elementor-field elementor-size-sm  elementor-field-textual\" placeholder=\"Het feest gaat door op: (datum)\" required=\"required\">\n\t\t\t\t\t\t\t\t\t\t\t<\/div>\n\t\t\t\t\t\t\t\t<div class=\"elementor-field-type-textarea elementor-field-group elementor-column elementor-field-group-beschrijving elementor-col-100\">\n\t\t\t\t\t\t\t\t\t\t\t\t<label for=\"form-field-beschrijving\" class=\"elementor-field-label elementor-screen-only\">\n\t\t\t\t\t\t\t\tBeschrijving\t\t\t\t\t\t\t<\/label>\n\t\t\t\t\t\t<textarea class=\"elementor-field-textual elementor-field  elementor-size-sm\" name=\"form_fields[beschrijving]\" id=\"form-field-beschrijving\" rows=\"2\" placeholder=\"Beschrijving\"><\/textarea>\t\t\t\t<\/div>\n\t\t\t\t\t\t\t\t<div class=\"elementor-field-type-radio elementor-field-group elementor-column elementor-field-group-klant elementor-col-100\">\n\t\t\t\t\t\t\t\t\t\t\t\t<label for=\"form-field-klant\" class=\"elementor-field-label elementor-screen-only\">\n\t\t\t\t\t\t\t\tKlant\t\t\t\t\t\t\t<\/label>\n\t\t\t\t\t\t<div class=\"elementor-field-subgroup  \"><span class=\"elementor-field-option\"><input type=\"radio\" value=\"Particulier\" id=\"form-field-klant-0\" name=\"form_fields[klant]\"> <label for=\"form-field-klant-0\">Particulier<\/label><\/span><span class=\"elementor-field-option\"><input type=\"radio\" value=\"Bedrijf\" id=\"form-field-klant-1\" name=\"form_fields[klant]\"> <label for=\"form-field-klant-1\">Bedrijf<\/label><\/span><\/div>\t\t\t\t<\/div>\n\t\t\t\t\t\t\t\t<div class=\"elementor-field-type-recaptcha_v3 elementor-field-group elementor-column elementor-field-group-field_4c6b4f6 elementor-col-100 recaptcha_v3-bottomright\">\n\t\t\t\t\t<div class=\"elementor-field\" id=\"form-field-field_4c6b4f6\"><div class=\"elementor-g-recaptcha\" data-sitekey=\"6LeHQn0rAAAAANHyQ2MS7b2GUirS-3krFntqBiVD\" data-type=\"v3\" data-action=\"Form\" data-badge=\"bottomright\" data-size=\"invisible\"><\/div><\/div>\t\t\t\t<\/div>\n\t\t\t\t\t\t\t\t<div class=\"elementor-field-group elementor-column elementor-field-type-submit elementor-col-25 e-form__buttons\">\n\t\t\t\t\t<button class=\"elementor-button elementor-size-sm\" type=\"submit\">\n\t\t\t\t\t\t<span class=\"elementor-button-content-wrapper\">\n\t\t\t\t\t\t\t\t\t\t\t\t\t\t\t\t\t\t\t\t\t\t<span class=\"elementor-button-text\">Versturen<\/span>\n\t\t\t\t\t\t\t\t\t\t\t\t\t<\/span>\n\t\t\t\t\t<\/button>\n\t\t\t\t<\/div>\n\t\t\t<\/div>\n\t\t<\/form>\n\t\t\t\t\t\t<\/div>\n\t\t\t\t<\/div>\n\t\t\t\t<\/div>\n\t\t\t\t<\/div>\n\t\t<div class=\"elementor-element elementor-element-90ecc65 e-con-full e-flex e-con e-child\" data-id=\"90ecc65\" data-element_type=\"container\" data-e-type=\"container\">\n\t\t\t\t<div class=\"elementor-element elementor-element-43706db elementor-widget-divider--view-line elementor-widget elementor-widget-divider\" data-id=\"43706db\" data-element_type=\"widget\" data-e-type=\"widget\" data-widget_type=\"divider.default\">\n\t\t\t\t<div class=\"elementor-widget-container\">\n\t\t\t\t\t\t\t<div class=\"elementor-divider\">\n\t\t\t<span class=\"elementor-divider-separator\">\n\t\t\t\t\t\t<\/span>\n\t\t<\/div>\n\t\t\t\t\t\t<\/div>\n\t\t\t\t<\/div>\n\t\t\t\t<div class=\"elementor-element elementor-element-8a39e4b elementor-widget-divider--view-line elementor-widget elementor-widget-divider\" data-id=\"8a39e4b\" data-element_type=\"widget\" data-e-type=\"widget\" data-widget_type=\"divider.default\">\n\t\t\t\t<div class=\"elementor-widget-container\">\n\t\t\t\t\t\t\t<div class=\"elementor-divider\">\n\t\t\t<span class=\"elementor-divider-separator\">\n\t\t\t\t\t\t<\/span>\n\t\t<\/div>\n\t\t\t\t\t\t<\/div>\n\t\t\t\t<\/div>\n\t\t\t\t<\/div>\n\t\t\t\t\t<\/div>\n\t\t\t\t<\/div>\n\t\t<div class=\"elementor-element elementor-element-6b8bc10 e-con-full e-flex e-con e-parent\" data-id=\"6b8bc10\" data-element_type=\"container\" data-e-type=\"container\" data-settings=\"{&quot;background_background&quot;:&quot;classic&quot;}\">\n\t\t\t\t<div class=\"elementor-element elementor-element-2a3956b elementor-widget elementor-widget-html\" data-id=\"2a3956b\" data-element_type=\"widget\" data-e-type=\"widget\" data-widget_type=\"html.default\">\n\t\t\t\t<div class=\"elementor-widget-container\">\n\t\t\t\t\t<div class=\"smooth-carousel\">\n  <div class=\"carousel-track\">\n    <img decoding=\"async\" src=\"https:\/\/frissoncreme.be\/wp-content\/uploads\/2025\/07\/FRISSON_-16.png\" alt=\"\">\n    <img decoding=\"async\" src=\"https:\/\/frissoncreme.be\/wp-content\/uploads\/2025\/07\/FRISSON_JULI_25_-23.png\" alt=\"\">\n    <img decoding=\"async\" src=\"https:\/\/frissoncreme.be\/wp-content\/uploads\/2025\/07\/FRISSON_JULI_25_-19.png\" alt=\"\">\n    <img decoding=\"async\" src=\"https:\/\/frissoncreme.be\/wp-content\/uploads\/2025\/07\/FRISSON_JULI_25_-01.png\" alt=\"\">\n    <img decoding=\"async\" src=\"https:\/\/frissoncreme.be\/wp-content\/uploads\/2025\/07\/FRISSON_-533.png\" alt=\"\">\n    <img decoding=\"async\" src=\"https:\/\/frissoncreme.be\/wp-content\/uploads\/2025\/07\/FRISSON_-40.png\" alt=\"\">\n    <img decoding=\"async\" src=\"https:\/\/frissoncreme.be\/wp-content\/uploads\/2025\/07\/FRISSON_JULI_25_-07.png\" alt=\"\">\n    <img decoding=\"async\" src=\"https:\/\/frissoncreme.be\/wp-content\/uploads\/2025\/07\/FRISSON_-42.png\" alt=\"\">\n    <img decoding=\"async\" src=\"https:\/\/frissoncreme.be\/wp-content\/uploads\/2025\/07\/FRISSON_JULI_25_-09.png\" alt=\"\">\n    <img decoding=\"async\" src=\"https:\/\/frissoncreme.be\/wp-content\/uploads\/2025\/07\/FRISSON_JULI_25_-24.png\" alt=\"\">\n    <img decoding=\"async\" src=\"https:\/\/frissoncreme.be\/wp-content\/uploads\/2025\/07\/FRISSON_-05.png\" alt=\"\">\n    <img decoding=\"async\" src=\"https:\/\/frissoncreme.be\/wp-content\/uploads\/2025\/07\/FRISSON_-43.png\" alt=\"\">\n    <img decoding=\"async\" src=\"https:\/\/frissoncreme.be\/wp-content\/uploads\/2025\/07\/FRISSON_-15.png\" alt=\"\">\n    <img decoding=\"async\" src=\"https:\/\/frissoncreme.be\/wp-content\/uploads\/2025\/07\/FRISSON_JULI_25_-18.png\" alt=\"\">\n    <img decoding=\"async\" src=\"https:\/\/frissoncreme.be\/wp-content\/uploads\/2025\/07\/FRISSON_-34.png\" alt=\"\">\n    <img decoding=\"async\" src=\"https:\/\/frissoncreme.be\/wp-content\/uploads\/2025\/07\/FRISSON_JULI_25_-12.png\" alt=\"\">\n    <img decoding=\"async\" src=\"https:\/\/frissoncreme.be\/wp-content\/uploads\/2025\/07\/FRISSON_-37.png\" alt=\"\">\n    <img decoding=\"async\" src=\"https:\/\/frissoncreme.be\/wp-content\/uploads\/2025\/07\/FRISSON_-17.png\" alt=\"\">\n    <img decoding=\"async\" src=\"https:\/\/frissoncreme.be\/wp-content\/uploads\/2025\/07\/FRISSON_-18.png\" alt=\"\">\n    <img decoding=\"async\" src=\"https:\/\/frissoncreme.be\/wp-content\/uploads\/2025\/07\/FRISSON_JULI_25_-21.png\" alt=\"\">\n    <img decoding=\"async\" src=\"https:\/\/frissoncreme.be\/wp-content\/uploads\/2025\/07\/FRISSON_-08.png\" alt=\"\">\n    <img decoding=\"async\" src=\"https:\/\/frissoncreme.be\/wp-content\/uploads\/2025\/07\/FRISSON_-10.png\" alt=\"\">\n    <img decoding=\"async\" src=\"https:\/\/frissoncreme.be\/wp-content\/uploads\/2025\/07\/FRISSON_JULI_25_-14.png\" alt=\"\">\n    <img decoding=\"async\" src=\"https:\/\/frissoncreme.be\/wp-content\/uploads\/2025\/07\/FRISSON_-04.png\" alt=\"\">\n\n    <!-- herhaal voor de loop -->\n    <img decoding=\"async\" src=\"https:\/\/frissoncreme.be\/wp-content\/uploads\/2025\/07\/FRISSON_-16.png\" alt=\"\">\n    <img decoding=\"async\" src=\"https:\/\/frissoncreme.be\/wp-content\/uploads\/2025\/07\/FRISSON_JULI_25_-23.png\" alt=\"\">\n    <img decoding=\"async\" src=\"https:\/\/frissoncreme.be\/wp-content\/uploads\/2025\/07\/FRISSON_JULI_25_-19.png\" alt=\"\">\n    <img decoding=\"async\" src=\"https:\/\/frissoncreme.be\/wp-content\/uploads\/2025\/07\/FRISSON_JULI_25_-01.png\" alt=\"\">\n    <img decoding=\"async\" src=\"https:\/\/frissoncreme.be\/wp-content\/uploads\/2025\/07\/FRISSON_533.png\" alt=\"\">\n    <img decoding=\"async\" src=\"https:\/\/frissoncreme.be\/wp-content\/uploads\/2025\/07\/FRISSON_-40.png\" alt=\"\">\n    <img decoding=\"async\" src=\"https:\/\/frissoncreme.be\/wp-content\/uploads\/2025\/07\/FRISSON_JULI_25_-07.png\" alt=\"\">\n    <img decoding=\"async\" src=\"https:\/\/frissoncreme.be\/wp-content\/uploads\/2025\/07\/FRISSON_-42.png\" alt=\"\">\n    <img decoding=\"async\" src=\"https:\/\/frissoncreme.be\/wp-content\/uploads\/2025\/07\/FRISSON_JULI_25_-09.png\" alt=\"\">\n    <img decoding=\"async\" src=\"https:\/\/frissoncreme.be\/wp-content\/uploads\/2025\/07\/FRISSON_JULI_25_-24.png\" alt=\"\">\n    <img decoding=\"async\" src=\"https:\/\/frissoncreme.be\/wp-content\/uploads\/2025\/07\/FRISSON_-05.png\" alt=\"\">\n    <img decoding=\"async\" src=\"https:\/\/frissoncreme.be\/wp-content\/uploads\/2025\/07\/FRISSON_-43.png\" alt=\"\">\n    <img decoding=\"async\" src=\"https:\/\/frissoncreme.be\/wp-content\/uploads\/2025\/07\/FRISSON_-15.png\" alt=\"\">\n    <img decoding=\"async\" src=\"https:\/\/frissoncreme.be\/wp-content\/uploads\/2025\/07\/FRISSON_JULI_25_-18.png\" alt=\"\">\n    <img decoding=\"async\" src=\"https:\/\/frissoncreme.be\/wp-content\/uploads\/2025\/07\/FRISSON_-34.png\" alt=\"\">\n    <img decoding=\"async\" src=\"https:\/\/frissoncreme.be\/wp-content\/uploads\/2025\/07\/FRISSON_JULI_25_-12.png\" alt=\"\">\n    <img decoding=\"async\" src=\"https:\/\/frissoncreme.be\/wp-content\/uploads\/2025\/07\/FRISSON_-37.png\" alt=\"\">\n    <img decoding=\"async\" src=\"https:\/\/frissoncreme.be\/wp-content\/uploads\/2025\/07\/FRISSON_-17.png\" alt=\"\">\n    <img decoding=\"async\" src=\"https:\/\/frissoncreme.be\/wp-content\/uploads\/2025\/07\/FRISSON_-18.png\" alt=\"\">\n    <img decoding=\"async\" src=\"https:\/\/frissoncreme.be\/wp-content\/uploads\/2025\/07\/FRISSON_JULI_25_-21.png\" alt=\"\">\n    <img decoding=\"async\" src=\"https:\/\/frissoncreme.be\/wp-content\/uploads\/2025\/07\/FRISSON_-08.png\" alt=\"\">\n    <img decoding=\"async\" src=\"https:\/\/frissoncreme.be\/wp-content\/uploads\/2025\/07\/FRISSON_-10.png\" alt=\"\">\n    <img decoding=\"async\" src=\"https:\/\/frissoncreme.be\/wp-content\/uploads\/2025\/07\/FRISSON_JULI_25_-14.png\" alt=\"\">\n    <img decoding=\"async\" src=\"https:\/\/frissoncreme.be\/wp-content\/uploads\/2025\/07\/FRISSON_-04.png\" alt=\"\">\n  <\/div>\n<\/div>\n\t\t\t\t<\/div>\n\t\t\t\t<\/div>\n\t\t\t\t<\/div>\n\t\t\t\t<\/div>\n\t\t","protected":false},"excerpt":{"rendered":"<p>Iets te vieren? Een familiefeest, tuinfeest of babyborrel, een huwelijk, dorpsfeest of festival gepland? Met de mini Frisson-cr\u00e8mebar maak je van je dessert een echte Frissonmoment. Onze mobiele mini cr\u00e8mebar brengt huisgemaakte Frisson-cr\u00e8me naar je feest. Gasten kiezen hun smaken en genieten van ambachtelijke verwennerij met bediening door ons team of als vrije dessertbar. We [&hellip;]<\/p>\n","protected":false},"author":3,"featured_media":951,"parent":0,"menu_order":2,"comment_status":"closed","ping_status":"closed","template":"elementor_header_footer","meta":{"_acf_changed":false,"footnotes":""},"class_list":["post-19","page","type-page","status-publish","has-post-thumbnail","hentry"],"acf":[],"_links":{"self":[{"href":"https:\/\/frissoncreme.be\/eng\/wp-json\/wp\/v2\/pages\/19","targetHints":{"allow":["GET"]}}],"collection":[{"href":"https:\/\/frissoncreme.be\/eng\/wp-json\/wp\/v2\/pages"}],"about":[{"href":"https:\/\/frissoncreme.be\/eng\/wp-json\/wp\/v2\/types\/page"}],"author":[{"embeddable":true,"href":"https:\/\/frissoncreme.be\/eng\/wp-json\/wp\/v2\/users\/3"}],"replies":[{"embeddable":true,"href":"https:\/\/frissoncreme.be\/eng\/wp-json\/wp\/v2\/comments?post=19"}],"version-history":[{"count":20,"href":"https:\/\/frissoncreme.be\/eng\/wp-json\/wp\/v2\/pages\/19\/revisions"}],"predecessor-version":[{"id":1332,"href":"https:\/\/frissoncreme.be\/eng\/wp-json\/wp\/v2\/pages\/19\/revisions\/1332"}],"wp:featuredmedia":[{"embeddable":true,"href":"https:\/\/frissoncreme.be\/eng\/wp-json\/wp\/v2\/media\/951"}],"wp:attachment":[{"href":"https:\/\/frissoncreme.be\/eng\/wp-json\/wp\/v2\/media?parent=19"}],"curies":[{"name":"wp","href":"https:\/\/api.w.org\/{rel}","templated":true}]}}